{"id":9417,"date":"2021-12-19T19:56:43","date_gmt":"2021-12-19T18:56:43","guid":{"rendered":"https:\/\/www.saintnicholas.info\/srpska-skola\/"},"modified":"2022-03-17T19:46:35","modified_gmt":"2022-03-17T23:46:35","slug":"serbian-school","status":"publish","type":"page","link":"https:\/\/www.saintnicholas.info\/en\/serbian-school\/","title":{"rendered":"Serbian School"},"content":{"rendered":"\n<div class=\"wp-block-image\"><figure class=\"aligncenter\"><a href=\"https:\/\/www.saintnicholas.info\/wp-content\/uploads\/2021\/12\/SKOLA-2013-2014.jpg\"><img decoding=\"async\" loading=\"lazy\" src=\"https:\/\/www.saintnicholas.info\/wp-content\/uploads\/2021\/12\/SKOLA-2013-2014.jpg\" alt=\"SKOLA-2013-2014\" class=\"wp-image-96\"\/><\/a><\/figure><\/div>\n\n\n\n<h1 class=\"wp-block-heading\">60 Years of our Serbian School<\/h1>\n\n\n\n<p><p>Regardless of their specific ethnic identity, all diasporas have something in common. That is a nostalgic respect for the past, often with a sense of sweet yearning, and a regard for the future which is at once both hopeful and trepidant. That trepidation stems from a collective worry that the tried and true values of their old homeland might one day be lost. If misfortunes led nations into diaspora, the people of that diaspora managed to salvage its most precious gems and bring them to their new homeland; these are their language, faith and customs. In a new setting the members of a diaspora strive to preserve these treasures, not as relics of the past but in a firm belief that their value will only increase with time. These three pearls are the foundation of an identity by which their descendants will be known among other nations. Members of a diaspora live in the hope that their children will value this threefold inheritance, and understand how much knowledge, wisdom, beauty and spiritual fulfilment they can achieve through it..<\/p>\n<p>Through a turbulent history, the Serbs have created diaspora communities throughout Europe, and in modern times on every inhabited continent. Some quickly faded through assimilation, such as the colonies of New Serbia in czarist Russia, on the territories of today\u2019s Ukraine and southern Russia. Others had their heyday, but proudly remaining standing, like the Serbian communities of Timisoara in Romania, and Szentendre and Budapest in Hungary. Others still flourish today, not only in number but in efforts to preserve their cultural heritage; this is certainly the case with the Serbian community of Trieste, Italy, gathered around the 19th century church of St. Spiridon, whose blue domes are a landmark in this northern Adriatic city.<\/p>\n<p>Our own diaspora has deeper roots than many of us realize. The first record of Serbs living in Hamilton dates back to 1904. This small community created our parish in 1913, and built its first church in 1917. From its beginnings, the Serbian community of Hamilton has been oriented to its church. The colony grew slowly, and with time, a notable number of Canadian-born Serbian children created a need for a school. The first school for children of Serbian heritage in Ontario was our own parish Serbian School, founded in 1948.<\/p>\n<p>Two parishioners, Dobrosav Ili\u0107 and Lazar \u0110. Stoj\u0161i\u0107, first organized lessons for the singing of liturgical responses. These men belonged to the post-war generation of Serbian immigrants who left their homeland reluctantly, and vowed to struggle for the existence of the Serbian people. Mr. Ili\u0107, known as \u010cika \u017daca because he was a gendarme in Pirot, and Mr. Stoj\u0161i\u0107, or \u010cika Laza, a journalist from Srem, also became founding members of the \u201cStevan Mokranjac\u201d Choir and \u201cJovan Sterija Popovi\u0107\u201d Theatre group. Also, \u010cika Laza was life-long editor of Hamilton-based \u201cCanadian Srbobran\u201d newspaper and cantor in our parish church. Together, they began a small school which soon expanded to include Serbian language &amp; history lessons. With the arrival of our long-time parish priest, V. Rev. Djuro Vukeli\u0107, religious instruction was strengthened even further.<\/p>\n<p>From 1957, the school had a qualified teacher, Bogdana Sto\u0161i\u0107 (nee Duki\u0107), who came to Canada from her beloved city of Knin, in Dalmatia. Educated in Split, with teaching experience in villages of Northern Dalmatia (Matasi, Golubi\u0107), Bogdana\u2019s experience and training began creating in our parish school an atmosphere that only a true pedagogue could foster. Her efforts led to a marked increase in school enrolment. A great admirer of Serbian dramatic arts and musical culture, she taught her pupils songs and short plays, alongside lessons in language and religion. She exposed many of the children for the first time to works of Serbian literature and our nation\u2019s epic poetry. During her time with the school, the Saint Sava Day celebrations of our parish took on a truly festive air, and became a noteworthy date in the community\u2019s cultural calendar. She also had the great honour to greet, with her pupils, HRH King Petar II Kara\u0111or\u0111evi\u0107 when he visited Hamilton\u2019s Serbian community in 1957. In 2014, it was a poignant moment as her son, Aleksandar Sto\u0161i\u0107, was able to greet King Petar\u2019s son, HRH Crown Prince Aleksandar Kara\u0111or\u0111evi\u0107. With students and all of the teachers, the Prince was presented with a photo of the 1957 visit, one that he had never before seen.<\/p>\n<p>Despite the unfortunate events of the church schism in 1963, the school continued its mission, uninterrupted. At times when the school was left without a teacher, Rev. Djuro Vukeli\u0107 would step in to teach; fortunately, these periods were brief and rare. Our school can proudly say that it has been able to function continuously since its inception. To our present day, the school has had an additional 30 teachers. They are: Radoslava Cica Vukeli\u0107, Bosa Lemaji\u0107, Marija Meni\u0107anin, Bosa Rezni\u010dak, Ankica Markovi\u0107, Vera Markovi\u0107, Jovan Lapadi\u0107, Dragan Metiko\u0161, \u0110or\u0111e Luki\u0107, Draginja Trkulja, Nada (Zari\u0107) Pavlovi\u0107, Marina (\u0160o\u0161ki\u0107) Teofilovi\u0107, Kata (Njegovanovi\u0107) Timotijevi\u0107, Julka Ga\u0107e\u0161a, Javorka Prtenjak, Vesna Stanojevi\u0107, Ljubi\u0161a Vlatkovi\u0107, Ana (Marijan) Dangubi\u0107, Bojana (Sari\u0107) Milojevi\u0107, \u0110ur\u0111a (Navala) Dai\u0107, Zorica (Milakovi\u0107) Mari\u0107, Slavko Zubac, Zorka \u0110ur\u0111evi\u0107, Du\u0161ko Deli\u0107, Sne\u017eana \u0160evo \u017dmuki\u0107, Jelena Aleksandrov, Katarina (Milenkovi\u0107) Pavi\u0107, and the current team of Milka (Mitrovi\u0107) Luki\u0107, Danijela Jovi\u0107, Milena (Krljar) Trojanovi\u0107, and Aleksandar Sto\u0161i\u0107.<\/p>\n<p>An even longer list of names could be written if we were to mention the many people who have helped our school, from volunteers to dedicated parents, not to mention the unwavering support of our parish Board and the Kolo Srpskih Sestara (Circle of Serbian Sisters). Although we can\u2019t mention everyone, we know that they all helped selflessly because they believed in our school\u2019s one goal: that our students should know who they are!<\/p>\n<p>Over the decades, our school has grown and progressed. Since 1990, we have been fortunate to have a permanent home in proper school facilities, housed below our church. A library has been formed, and many lessons and curriculum packages have been created. Our pupils were honoured to greet His Holiness Serbian Patriarch Pavle on the occasion of his visit to the Serbs of Canada and the USA in 1991. With the arrival of current parish priest, V. Rev. Vojislav Pavlovi\u0107, our sense of support and encouragement in our goals has only increased. We now regularly receive teaching materials from Serbia, alongside those published in North America; this would\u2019ve been unthinkable at the time of the school\u2019s inception. Most of our material, though, remains self-generated, as in the beginning. Luckily, our current team consists of five fully qualified teachers, which we hope is reflected not only in the quality of instruction, but also in our results. In the parish\u2019s Centennial year, the school acquired modern instructional technologies, thanks to our benefactors, Krunoslav &amp; Theresa Perkovi\u0107. A full range of instructional strategies is now available to our teachers and pupils. Close cooperation between our Parish Bookstore, organized by Jovan Djurdevic, and Potamitis Publishing in Greece has enabled our students to have access to beautiful materials for learning about their faith. Similarly, both Serbia\u2019s Ministry of the Diaspora and the Kreativni Centar publishing house have provided us with books and other materials for Serbian language and culture, and Orthodox catechism.<\/p>\n<p>How, then, do we, the teachers of the diaspora, look on the future of our school and community? How do we experience that combination of hope and trepidation that marks the pscyhe of a diaspora? It is difficult to say\u2026 of course we hope for the best, but we do worry about the neglect shown for Serbian culture, not so much among our own very committed families and pupils, but among those who still remain outside of our circle of learning in church and in school. We hope that our pupils will preserve their language and faith, and nurture a love for the history and traditions of their people.But we hope even more that they will strengthen and spread the treasure that they have, as ambassadors or Serbian culture in the Canadian mosaic, and one day as parents of a new generation of Canadian Serbs. We also hope that those Serbian families who until now, for whatever reason, have not seen the value of this cultural inheritance, finally realize the wealth that we collectively have and join us in our task of preserving our heritage. Our school and our parish have survived many challenges and changes, and we believe it will survive many more. So long as the school has teachers, parents, and pupils who work for the benefit of the faith and nation of St. Sava, the ominous words of Jovan Jovanovi\u0107 Zmaj\u2019s poem, \u00abDi\u017eimo \u0160kole\u00bb should not become reality: \u00abJer bi\u0107e dana, al ne\u0107e sre\u0107e, i bi\u0107e ljudi al Srba ne\u0107e\u00bb \u00abFor there shall be many days ahead, but not always good fortune; and there will be many people to come, but not Serbs among them\u00bb.<\/p>\n<p>60 years of continuous work \u2013 few organizations in the diaspora can be proud of such an achievement. Six decades of effort dedicated to the propagation of Orthodoxy and Serbian identity\u2026 truly we have been blessed by God to be worthy of such an honourable struggle. Working for the preservation of our culture in our community is only a small contribution to the wider effort of many parishes and organizations across Canada. Let\u2019s add to this effort, each and every one of us, by our own efforts at home, in our families, and in our church. Let\u2019s never forget our threefold treasure \u2013 language, faith, and customs \u2013 and let\u2019s make an effort to preserve them for future generations of our Canadian diaspora. Our people have the saying that \u00abSvako se dobro tek pozna kada se izgubi\u00bb \u2026\u201d You only recognize a good thing when you\u2019ve lost it\u201d. Don\u2019t let our descendants learn such a bitter lesson \u2013 let them never know the awful feeling of having lost one\u2019s name and soul.<\/p>\n<p>A. Sto\u0161i\u0107<\/p><\/p>\n","protected":false},"excerpt":{"rendered":"<p>60 Years of our Serbian School Regardless of their specific ethnic identity, all diasporas have something in common. That is a nostalgic respect for the past, often with a sense of sweet yearning, and a regard for the future which is at once both hopeful and trepidant. That trepidation stems from a collective worry that the tried and true values of their old homeland might one day be lost. If misfortunes led nations into diaspora, the people of that diaspora managed to salvage its most precious gems and bring them to their new homeland; these are their language, faith and customs. In a new setting the members of a diaspora strive to preserve these treasures, not as relics of the past but in a firm belief that their value will only increase with time. These three pearls are the foundation of an identity by which their descendants will be known among other nations. Members of a diaspora live in the hope that their children will value this threefold inheritance, and understand how much knowledge, wisdom, beauty and spiritual fulfilment they can achieve through it.. Through a turbulent history, the Serbs have created diaspora communities throughout Europe, and in modern times on every inhabited continent. Some quickly faded through assimilation, such as the colonies of New Serbia in czarist Russia, on the territories of today\u2019s Ukraine and southern Russia. Others had their heyday, but proudly remaining standing, like the Serbian communities of Timisoara in Romania, and Szentendre and Budapest in Hungary. Others still flourish today, not only in number but in efforts to preserve their cultural heritage; this is certainly the case with the Serbian community of Trieste, Italy, gathered around the 19th century church of St. Spiridon, whose blue domes are a landmark in this northern Adriatic city. Our own&#8230; <\/p>\n<p><a class=\"readmore\" href=\"https:\/\/www.saintnicholas.info\/en\/serbian-school\/\">\u041f\u0440\u043e\u0447\u0438\u0442\u0430\u0458 \u0432\u0438\u0448\u0435<\/a><\/p>\n","protected":false},"author":2,"featured_media":0,"parent":0,"menu_order":0,"comment_status":"closed","ping_status":"closed","template":"","meta":{"nf_dc_page":"","footnotes":""},"class_list":["post-9417","page","type-page","status-publish","hentry"],"_links":{"self":[{"href":"https:\/\/www.saintnicholas.info\/en\/wp-json\/wp\/v2\/pages\/9417","targetHints":{"allow":["GET"]}}],"collection":[{"href":"https:\/\/www.saintnicholas.info\/en\/wp-json\/wp\/v2\/pages"}],"about":[{"href":"https:\/\/www.saintnicholas.info\/en\/wp-json\/wp\/v2\/types\/page"}],"author":[{"embeddable":true,"href":"https:\/\/www.saintnicholas.info\/en\/wp-json\/wp\/v2\/users\/2"}],"replies":[{"embeddable":true,"href":"https:\/\/www.saintnicholas.info\/en\/wp-json\/wp\/v2\/comments?post=9417"}],"version-history":[{"count":2,"href":"https:\/\/www.saintnicholas.info\/en\/wp-json\/wp\/v2\/pages\/9417\/revisions"}],"predecessor-version":[{"id":9569,"href":"https:\/\/www.saintnicholas.info\/en\/wp-json\/wp\/v2\/pages\/9417\/revisions\/9569"}],"wp:attachment":[{"href":"https:\/\/www.saintnicholas.info\/en\/wp-json\/wp\/v2\/media?parent=9417"}],"curies":[{"name":"wp","href":"https:\/\/api.w.org\/{rel}","templated":true}]}}